{"id":1891,"date":"2024-06-05T19:46:52","date_gmt":"2024-06-05T16:46:52","guid":{"rendered":"https:\/\/saptamanacomediei.ro\/?page_id=1891"},"modified":"2024-06-07T18:21:28","modified_gmt":"2024-06-07T15:21:28","slug":"parcul-central-nicolae-titulescu","status":"publish","type":"page","link":"https:\/\/saptamanacomediei.ro\/2024\/parcul-central-nicolae-titulescu\/","title":{"rendered":"Parcul Central \u201eNicolae Titulescu\u201d"},"content":{"rendered":"[vc_row type=&#8221;in_container&#8221; full_screen_row_position=&#8221;middle&#8221; column_margin=&#8221;default&#8221; column_direction=&#8221;default&#8221; column_direction_tablet=&#8221;default&#8221; column_direction_phone=&#8221;default&#8221; scene_position=&#8221;center&#8221; text_color=&#8221;dark&#8221; text_align=&#8221;left&#8221; row_border_radius=&#8221;none&#8221; row_border_radius_applies=&#8221;bg&#8221; overflow=&#8221;visible&#8221; id=&#8221;program-teatru&#8221; overlay_strength=&#8221;0.3&#8243; gradient_direction=&#8221;left_to_right&#8221; shape_divider_position=&#8221;bottom&#8221; bg_image_animation=&#8221;none&#8221; gradient_type=&#8221;default&#8221; shape_type=&#8221;&#8221;][vc_column column_padding=&#8221;no-extra-padding&#8221; column_padding_tablet=&#8221;inherit&#8221; column_padding_phone=&#8221;inherit&#8221; column_padding_position=&#8221;all&#8221; column_element_direction_desktop=&#8221;default&#8221; column_element_spacing=&#8221;default&#8221; desktop_text_alignment=&#8221;default&#8221; tablet_text_alignment=&#8221;default&#8221; phone_text_alignment=&#8221;default&#8221; background_color_opacity=&#8221;1&#8243; background_hover_color_opacity=&#8221;1&#8243; column_backdrop_filter=&#8221;none&#8221; column_shadow=&#8221;none&#8221; column_border_radius=&#8221;none&#8221; column_link_target=&#8221;_self&#8221; column_position=&#8221;default&#8221; gradient_direction=&#8221;left_to_right&#8221; overlay_strength=&#8221;0.3&#8243; width=&#8221;1\/1&#8243; tablet_width_inherit=&#8221;default&#8221; animation_type=&#8221;default&#8221; bg_image_animation=&#8221;none&#8221; border_type=&#8221;simple&#8221; column_border_width=&#8221;none&#8221; column_border_style=&#8221;solid&#8221;][vc_custom_heading text=&#8221;Program \/ Parcul Central \u201eNicolae Titulescu\u201d&#8221; font_container=&#8221;tag:h2|text_align:center|color:%23fcc646&#8243; use_theme_fonts=&#8221;yes&#8221;][\/vc_column][\/vc_row][vc_row type=&#8221;full_width_background&#8221; full_screen_row_position=&#8221;middle&#8221; column_margin=&#8221;default&#8221; column_direction=&#8221;default&#8221; column_direction_tablet=&#8221;default&#8221; column_direction_phone=&#8221;default&#8221; scene_position=&#8221;center&#8221; text_color=&#8221;dark&#8221; text_align=&#8221;left&#8221; row_border_radius=&#8221;none&#8221; row_border_radius_applies=&#8221;bg&#8221; overflow=&#8221;visible&#8221; advanced_gradient_angle=&#8221;0&#8243; overlay_strength=&#8221;0.3&#8243; gradient_direction=&#8221;left_to_right&#8221; shape_divider_position=&#8221;bottom&#8221; bg_image_animation=&#8221;none&#8221; shape_type=&#8221;&#8221; gradient_type=&#8221;default&#8221;][vc_column column_padding=&#8221;no-extra-padding&#8221; column_padding_tablet=&#8221;inherit&#8221; column_padding_phone=&#8221;inherit&#8221; column_padding_position=&#8221;left-right&#8221; column_element_direction_desktop=&#8221;default&#8221; column_element_spacing=&#8221;default&#8221; desktop_text_alignment=&#8221;default&#8221; tablet_text_alignment=&#8221;default&#8221; phone_text_alignment=&#8221;default&#8221; background_color_opacity=&#8221;1&#8243; background_hover_color_opacity=&#8221;1&#8243; column_backdrop_filter=&#8221;none&#8221; column_shadow=&#8221;none&#8221; column_border_radius=&#8221;none&#8221; column_link_target=&#8221;_self&#8221; column_position=&#8221;default&#8221; gradient_direction=&#8221;left_to_right&#8221; overlay_strength=&#8221;0.3&#8243; width=&#8221;1\/1&#8243; tablet_width_inherit=&#8221;default&#8221; animation_type=&#8221;default&#8221; bg_image_animation=&#8221;none&#8221; border_type=&#8221;simple&#8221; column_border_width=&#8221;none&#8221; column_border_style=&#8221;solid&#8221; column_padding_type=&#8221;default&#8221; gradient_type=&#8221;default&#8221;][nectar_blog layout=&#8221;masonry-blog-full-screen-width&#8221; blog_masonry_style=&#8221;meta_overlaid&#8221; load_in_animation=&#8221;none&#8221; category=&#8221;parcul-central-nicolae-titulescu&#8221; order=&#8221;DESC&#8221; orderby=&#8221;date&#8221; blog_remove_post_date=&#8221;true&#8221; blog_remove_post_author=&#8221;true&#8221; blog_remove_post_comment_number=&#8221;true&#8221; blog_remove_post_nectar_love=&#8221;true&#8221; posts_per_page=&#8221;40&#8243;][\/vc_column][\/vc_row][vc_row type=&#8221;in_container&#8221; full_screen_row_position=&#8221;middle&#8221; column_margin=&#8221;default&#8221; column_direction=&#8221;default&#8221; column_direction_tablet=&#8221;default&#8221; column_direction_phone=&#8221;default&#8221; scene_position=&#8221;center&#8221; text_color=&#8221;dark&#8221; text_align=&#8221;left&#8221; row_border_radius=&#8221;none&#8221; row_border_radius_applies=&#8221;bg&#8221; overflow=&#8221;visible&#8221; overlay_strength=&#8221;0.3&#8243; gradient_direction=&#8221;left_to_right&#8221; shape_divider_position=&#8221;bottom&#8221; bg_image_animation=&#8221;none&#8221;][vc_column column_padding=&#8221;no-extra-padding&#8221; column_padding_tablet=&#8221;inherit&#8221; column_padding_phone=&#8221;inherit&#8221; column_padding_position=&#8221;all&#8221; column_element_direction_desktop=&#8221;default&#8221; column_element_spacing=&#8221;default&#8221; desktop_text_alignment=&#8221;default&#8221; tablet_text_alignment=&#8221;default&#8221; phone_text_alignment=&#8221;default&#8221; background_color_opacity=&#8221;1&#8243; background_hover_color_opacity=&#8221;1&#8243; column_backdrop_filter=&#8221;none&#8221; column_shadow=&#8221;none&#8221; column_border_radius=&#8221;none&#8221; column_link_target=&#8221;_self&#8221; column_position=&#8221;default&#8221; gradient_direction=&#8221;left_to_right&#8221; overlay_strength=&#8221;0.3&#8243; width=&#8221;1\/1&#8243; tablet_width_inherit=&#8221;default&#8221; animation_type=&#8221;default&#8221; bg_image_animation=&#8221;none&#8221; border_type=&#8221;simple&#8221; column_border_width=&#8221;none&#8221; column_border_style=&#8221;solid&#8221;][divider line_type=&#8221;No Line&#8221; custom_height=&#8221;32px&#8221;][\/vc_column][\/vc_row]\n","protected":false},"excerpt":{"rendered":"<p>[vc_row type=&#8221;in_container&#8221; full_screen_row_position=&#8221;middle&#8221; column_margin=&#8221;default&#8221; column_direction=&#8221;default&#8221; column_direction_tablet=&#8221;default&#8221; column_direction_phone=&#8221;default&#8221; scene_position=&#8221;center&#8221; text_color=&#8221;dark&#8221; text_align=&#8221;left&#8221; row_border_radius=&#8221;none&#8221; row_border_radius_applies=&#8221;bg&#8221; overflow=&#8221;visible&#8221; id=&#8221;program-teatru&#8221; overlay_strength=&#8221;0.3&#8243; gradient_direction=&#8221;left_to_right&#8221; shape_divider_position=&#8221;bottom&#8221; bg_image_animation=&#8221;none&#8221; gradient_type=&#8221;default&#8221; shape_type=&#8221;&#8221;][vc_column column_padding=&#8221;no-extra-padding&#8221; column_padding_tablet=&#8221;inherit&#8221; column_padding_phone=&#8221;inherit&#8221; column_padding_position=&#8221;all&#8221; column_element_direction_desktop=&#8221;default&#8221; column_element_spacing=&#8221;default&#8221; desktop_text_alignment=&#8221;default&#8221; tablet_text_alignment=&#8221;default&#8221; phone_text_alignment=&#8221;default&#8221; background_color_opacity=&#8221;1&#8243;&#8230;<\/p>\n","protected":false},"author":1,"featured_media":0,"parent":0,"menu_order":0,"comment_status":"closed","ping_status":"closed","template":"","meta":{"footnotes":""},"yoast_head":"<!-- This site is optimized with the Yoast SEO plugin v19.1 - https:\/\/yoast.com\/wordpress\/plugins\/seo\/ -->\n<title>S\u0103pt\u0103m\u00e2na Comediei 2024 - Bra\u0219ov<\/title>\n<meta name=\"description\" content=\"Festivalul Na\u021bional de Teatru S\u0103pt\u0103m\u00e2na Comediei - Bra\u0219ov, are loc \u00een perioada 1 - 7 iulie 2024. Informa\u0163ii despre biletele \u0219i program le g\u0103si\u021bi aici.\" \/>\n<meta name=\"robots\" content=\"index, follow, max-snippet:-1, max-image-preview:large, max-video-preview:-1\" \/>\n<link rel=\"canonical\" href=\"https:\/\/saptamanacomediei.ro\/2024\/parcul-central-nicolae-titulescu\/\" \/>\n<meta property=\"og:locale\" content=\"ro_RO\" \/>\n<meta property=\"og:type\" content=\"article\" \/>\n<meta property=\"og:title\" content=\"S\u0103pt\u0103m\u00e2na Comediei 2024 - Bra\u0219ov\" \/>\n<meta property=\"og:description\" content=\"Festivalul Na\u021bional de Teatru S\u0103pt\u0103m\u00e2na Comediei - Bra\u0219ov, are loc \u00een perioada 1 - 7 iulie 2024. Informa\u0163ii despre biletele \u0219i program le g\u0103si\u021bi aici.\" \/>\n<meta property=\"og:url\" content=\"https:\/\/saptamanacomediei.ro\/2024\/parcul-central-nicolae-titulescu\/\" \/>\n<meta property=\"og:site_name\" content=\"S\u0103pt\u0103m\u00e2na Comediei - 2024\" \/>\n<meta property=\"article:modified_time\" content=\"2024-06-07T15:21:28+00:00\" \/>\n<meta property=\"og:image\" content=\"https:\/\/saptamanacomediei.ro\/2024\/wp-content\/uploads\/2024\/06\/fb-saptamanacomediei-ro-2024-01.png\" \/>\n\t<meta property=\"og:image:width\" content=\"1200\" \/>\n\t<meta property=\"og:image:height\" content=\"630\" \/>\n\t<meta property=\"og:image:type\" content=\"image\/png\" \/>\n<meta name=\"twitter:card\" content=\"summary_large_image\" \/>\n<meta name=\"twitter:label1\" content=\"Timp estimat pentru citire\" \/>\n\t<meta name=\"twitter:data1\" content=\"3 minute\" \/>\n<script type=\"application\/ld+json\" class=\"yoast-schema-graph\">{\"@context\":\"https:\/\/schema.org\",\"@graph\":[{\"@type\":\"WebSite\",\"@id\":\"https:\/\/saptamanacomediei.ro\/2024\/#website\",\"url\":\"https:\/\/saptamanacomediei.ro\/2024\/\",\"name\":\"S\u0103pt\u0103m\u00e2na Comediei - 2024\",\"description\":\"Festival Na\u021bional de Teatru\",\"potentialAction\":[{\"@type\":\"SearchAction\",\"target\":{\"@type\":\"EntryPoint\",\"urlTemplate\":\"https:\/\/saptamanacomediei.ro\/2024\/?s={search_term_string}\"},\"query-input\":\"required name=search_term_string\"}],\"inLanguage\":\"ro-RO\"},{\"@type\":\"ImageObject\",\"inLanguage\":\"ro-RO\",\"@id\":\"https:\/\/saptamanacomediei.ro\/2024\/parcul-central-nicolae-titulescu\/#primaryimage\",\"url\":\"https:\/\/saptamanacomediei.ro\/2024\/wp-content\/uploads\/2024\/06\/fb-saptamanacomediei-ro-2024-01.png\",\"contentUrl\":\"https:\/\/saptamanacomediei.ro\/2024\/wp-content\/uploads\/2024\/06\/fb-saptamanacomediei-ro-2024-01.png\",\"width\":1200,\"height\":630},{\"@type\":\"WebPage\",\"@id\":\"https:\/\/saptamanacomediei.ro\/2024\/parcul-central-nicolae-titulescu\/#webpage\",\"url\":\"https:\/\/saptamanacomediei.ro\/2024\/parcul-central-nicolae-titulescu\/\",\"name\":\"S\u0103pt\u0103m\u00e2na Comediei 2024 - Bra\u0219ov\",\"isPartOf\":{\"@id\":\"https:\/\/saptamanacomediei.ro\/2024\/#website\"},\"primaryImageOfPage\":{\"@id\":\"https:\/\/saptamanacomediei.ro\/2024\/parcul-central-nicolae-titulescu\/#primaryimage\"},\"datePublished\":\"2024-06-05T16:46:52+00:00\",\"dateModified\":\"2024-06-07T15:21:28+00:00\",\"description\":\"Festivalul Na\u021bional de Teatru S\u0103pt\u0103m\u00e2na Comediei - Bra\u0219ov, are loc \u00een perioada 1 - 7 iulie 2024. Informa\u0163ii despre biletele \u0219i program le g\u0103si\u021bi aici.\",\"breadcrumb\":{\"@id\":\"https:\/\/saptamanacomediei.ro\/2024\/parcul-central-nicolae-titulescu\/#breadcrumb\"},\"inLanguage\":\"ro-RO\",\"potentialAction\":[{\"@type\":\"ReadAction\",\"target\":[\"https:\/\/saptamanacomediei.ro\/2024\/parcul-central-nicolae-titulescu\/\"]}]},{\"@type\":\"BreadcrumbList\",\"@id\":\"https:\/\/saptamanacomediei.ro\/2024\/parcul-central-nicolae-titulescu\/#breadcrumb\",\"itemListElement\":[{\"@type\":\"ListItem\",\"position\":1,\"name\":\"Prima pagin\u0103\",\"item\":\"https:\/\/saptamanacomediei.ro\/2024\/\"},{\"@type\":\"ListItem\",\"position\":2,\"name\":\"Parcul Central \u201eNicolae Titulescu\u201d\"}]}]}<\/script>\n<!-- \/ Yoast SEO plugin. -->","yoast_head_json":{"title":"S\u0103pt\u0103m\u00e2na Comediei 2024 - Bra\u0219ov","description":"Festivalul Na\u021bional de Teatru S\u0103pt\u0103m\u00e2na Comediei - Bra\u0219ov, are loc \u00een perioada 1 - 7 iulie 2024. Informa\u0163ii despre biletele \u0219i program le g\u0103si\u021bi aici.","robots":{"index":"index","follow":"follow","max-snippet":"max-snippet:-1","max-image-preview":"max-image-preview:large","max-video-preview":"max-video-preview:-1"},"canonical":"https:\/\/saptamanacomediei.ro\/2024\/parcul-central-nicolae-titulescu\/","og_locale":"ro_RO","og_type":"article","og_title":"S\u0103pt\u0103m\u00e2na Comediei 2024 - Bra\u0219ov","og_description":"Festivalul Na\u021bional de Teatru S\u0103pt\u0103m\u00e2na Comediei - Bra\u0219ov, are loc \u00een perioada 1 - 7 iulie 2024. Informa\u0163ii despre biletele \u0219i program le g\u0103si\u021bi aici.","og_url":"https:\/\/saptamanacomediei.ro\/2024\/parcul-central-nicolae-titulescu\/","og_site_name":"S\u0103pt\u0103m\u00e2na Comediei - 2024","article_modified_time":"2024-06-07T15:21:28+00:00","og_image":[{"width":1200,"height":630,"url":"https:\/\/saptamanacomediei.ro\/2024\/wp-content\/uploads\/2024\/06\/fb-saptamanacomediei-ro-2024-01.png","type":"image\/png"}],"twitter_card":"summary_large_image","twitter_misc":{"Timp estimat pentru citire":"3 minute"},"schema":{"@context":"https:\/\/schema.org","@graph":[{"@type":"WebSite","@id":"https:\/\/saptamanacomediei.ro\/2024\/#website","url":"https:\/\/saptamanacomediei.ro\/2024\/","name":"S\u0103pt\u0103m\u00e2na Comediei - 2024","description":"Festival Na\u021bional de Teatru","potentialAction":[{"@type":"SearchAction","target":{"@type":"EntryPoint","urlTemplate":"https:\/\/saptamanacomediei.ro\/2024\/?s={search_term_string}"},"query-input":"required name=search_term_string"}],"inLanguage":"ro-RO"},{"@type":"ImageObject","inLanguage":"ro-RO","@id":"https:\/\/saptamanacomediei.ro\/2024\/parcul-central-nicolae-titulescu\/#primaryimage","url":"https:\/\/saptamanacomediei.ro\/2024\/wp-content\/uploads\/2024\/06\/fb-saptamanacomediei-ro-2024-01.png","contentUrl":"https:\/\/saptamanacomediei.ro\/2024\/wp-content\/uploads\/2024\/06\/fb-saptamanacomediei-ro-2024-01.png","width":1200,"height":630},{"@type":"WebPage","@id":"https:\/\/saptamanacomediei.ro\/2024\/parcul-central-nicolae-titulescu\/#webpage","url":"https:\/\/saptamanacomediei.ro\/2024\/parcul-central-nicolae-titulescu\/","name":"S\u0103pt\u0103m\u00e2na Comediei 2024 - Bra\u0219ov","isPartOf":{"@id":"https:\/\/saptamanacomediei.ro\/2024\/#website"},"primaryImageOfPage":{"@id":"https:\/\/saptamanacomediei.ro\/2024\/parcul-central-nicolae-titulescu\/#primaryimage"},"datePublished":"2024-06-05T16:46:52+00:00","dateModified":"2024-06-07T15:21:28+00:00","description":"Festivalul Na\u021bional de Teatru S\u0103pt\u0103m\u00e2na Comediei - Bra\u0219ov, are loc \u00een perioada 1 - 7 iulie 2024. Informa\u0163ii despre biletele \u0219i program le g\u0103si\u021bi aici.","breadcrumb":{"@id":"https:\/\/saptamanacomediei.ro\/2024\/parcul-central-nicolae-titulescu\/#breadcrumb"},"inLanguage":"ro-RO","potentialAction":[{"@type":"ReadAction","target":["https:\/\/saptamanacomediei.ro\/2024\/parcul-central-nicolae-titulescu\/"]}]},{"@type":"BreadcrumbList","@id":"https:\/\/saptamanacomediei.ro\/2024\/parcul-central-nicolae-titulescu\/#breadcrumb","itemListElement":[{"@type":"ListItem","position":1,"name":"Prima pagin\u0103","item":"https:\/\/saptamanacomediei.ro\/2024\/"},{"@type":"ListItem","position":2,"name":"Parcul Central \u201eNicolae Titulescu\u201d"}]}]}},"_links":{"self":[{"href":"https:\/\/saptamanacomediei.ro\/2024\/wp-json\/wp\/v2\/pages\/1891"}],"collection":[{"href":"https:\/\/saptamanacomediei.ro\/2024\/wp-json\/wp\/v2\/pages"}],"about":[{"href":"https:\/\/saptamanacomediei.ro\/2024\/wp-json\/wp\/v2\/types\/page"}],"author":[{"embeddable":true,"href":"https:\/\/saptamanacomediei.ro\/2024\/wp-json\/wp\/v2\/users\/1"}],"replies":[{"embeddable":true,"href":"https:\/\/saptamanacomediei.ro\/2024\/wp-json\/wp\/v2\/comments?post=1891"}],"version-history":[{"count":9,"href":"https:\/\/saptamanacomediei.ro\/2024\/wp-json\/wp\/v2\/pages\/1891\/revisions"}],"predecessor-version":[{"id":2196,"href":"https:\/\/saptamanacomediei.ro\/2024\/wp-json\/wp\/v2\/pages\/1891\/revisions\/2196"}],"wp:attachment":[{"href":"https:\/\/saptamanacomediei.ro\/2024\/wp-json\/wp\/v2\/media?parent=1891"}],"curies":[{"name":"wp","href":"https:\/\/api.w.org\/{rel}","templated":true}]}}