{"id":246,"date":"2023-05-30T14:11:21","date_gmt":"2023-05-30T11:11:21","guid":{"rendered":"https:\/\/saptamanacomediei.ro\/?page_id=246"},"modified":"2023-05-30T17:29:51","modified_gmt":"2023-05-30T14:29:51","slug":"regulament-participare-eveniment","status":"publish","type":"page","link":"https:\/\/saptamanacomediei.ro\/2024\/regulament-participare-eveniment\/","title":{"rendered":"Regulament participare eveniment"},"content":{"rendered":"[vc_row type=&#8221;in_container&#8221; full_screen_row_position=&#8221;middle&#8221; column_margin=&#8221;default&#8221; column_direction=&#8221;default&#8221; column_direction_tablet=&#8221;default&#8221; column_direction_phone=&#8221;default&#8221; scene_position=&#8221;center&#8221; text_color=&#8221;dark&#8221; text_align=&#8221;left&#8221; row_border_radius=&#8221;none&#8221; row_border_radius_applies=&#8221;bg&#8221; overflow=&#8221;visible&#8221; overlay_strength=&#8221;0.3&#8243; gradient_direction=&#8221;left_to_right&#8221; shape_divider_position=&#8221;bottom&#8221; bg_image_animation=&#8221;none&#8221;][vc_column column_padding=&#8221;no-extra-padding&#8221; column_padding_tablet=&#8221;inherit&#8221; column_padding_phone=&#8221;inherit&#8221; column_padding_position=&#8221;all&#8221; column_element_direction_desktop=&#8221;default&#8221; column_element_spacing=&#8221;default&#8221; desktop_text_alignment=&#8221;default&#8221; tablet_text_alignment=&#8221;default&#8221; phone_text_alignment=&#8221;default&#8221; background_color_opacity=&#8221;1&#8243; background_hover_color_opacity=&#8221;1&#8243; column_backdrop_filter=&#8221;none&#8221; column_shadow=&#8221;none&#8221; column_border_radius=&#8221;none&#8221; column_link_target=&#8221;_self&#8221; column_position=&#8221;default&#8221; gradient_direction=&#8221;left_to_right&#8221; overlay_strength=&#8221;0.3&#8243; width=&#8221;1\/1&#8243; tablet_width_inherit=&#8221;default&#8221; animation_type=&#8221;default&#8221; bg_image_animation=&#8221;none&#8221; border_type=&#8221;simple&#8221; column_border_width=&#8221;none&#8221; column_border_style=&#8221;solid&#8221;][vc_column_text]Participarea la evenimentele organizate de Asocia\u021bia Cultural\u0103 Fanzin este supus\u0103 urm\u0103torilor termeni \u0219i condi\u021bii pe care v\u0103 obliga\u021bi s\u0103 le respecta\u021bi.<\/p>\n<p>Pentru a avea parte de cea mai placut\u0103 experien\u021b\u0103 la evenimentul S\u0103pt\u0103m\u00e2na Comediei, v\u0103 rug\u0103m s\u0103 acorda\u021bi un moment parcurgerii informa\u021biilor de mai jos.<\/p>\n<h3>Ora indicat\u0103 pentru sosire<\/h3>\n<p>Spectacolele \u00eencep cu promptitudine la ora men\u021bionat\u0103 pe bilet, astfel \u00eenc\u00e2t v\u0103 rug\u0103m s\u0103 aloca\u021bi timp suficient pentru drum, parcare, eventuala achizi\u021bionare a biletului, acces, l\u0103sarea hainelor la garderob\u0103, \u0219i orice alte activit\u0103\u021bi ce premerg participarea la spectacol \u00een sine, \u00een scopul intr\u0103rii \u00een sala de spectacole \u00eenainte de \u00eenceperea actului artistic.<\/p>\n<p>Pentru siguran\u021b\u0103 \u0219i confortul arti\u0219tilor \u0219i al tuturor spectatorilor, cei sosi\u021bi dup\u0103 ora de \u00eencepere a reprezenta\u021biei \u00ee\u0219i vor putea ocupa locurile \u00een sala la prima pauz\u0103.<\/p>\n<h3>Ridicarea biletelor comandate online<\/h3>\n<p>Biletele comandate online pe <a href=\"https:\/\/biletebrasov.ro\/\">www.biletebrasov.ro<\/a> vor fi ridicate de la standul Biletebrasov.ro din ziua spectacolului pe baza confirm\u0103rii comenzii aflat \u00een incinta s\u0103lii de spectacol.<\/p>\n<h3>Accesul<\/h3>\n<p>Accesul la spectacol se face doar pe baza biletului. Biletul este valabil doar \u00eempreun\u0103 cu tichetul de loc \u0219i acesta se prezint\u0103 la intrare unui reprezentant al organizatorului sau unei persoane delegate de acesta.<\/p>\n<p>V\u0103 rug\u0103m s\u0103 p\u0103stra\u021bi biletul asupra dumneavoastr\u0103 p\u00e2n\u0103 la p\u0103r\u0103sirea incintei \u00een care are loc spectacolul.<\/p>\n<p>\u00cen cazul \u00een care ave\u021bi nevoie de \u00eendrumare pentru identificarea locului men\u021bionat pe bilet, v\u0103 pute\u021bi adresa personalului de sala prezent.<\/p>\n<p>Ocuparea altui loc dec\u00e2t acela men\u021bionat pe bilet nu este permis\u0103.<\/p>\n<h3>Garderoba<\/h3>\n<p>Pentru confortul dumneavoastr\u0103 \u0219i al celorlal\u021bi spectatori, hainele vor fi l\u0103sate la garderobe \u0219i vor fi recuperate la plecare. Garderobele sunt situate la parter.<\/p>\n<p>Garderoba nu accept\u0103 haine f\u0103r\u0103 ag\u0103\u021b\u0103toare. Nu r\u0103spundem pentru obiectele de \u00eembr\u0103c\u0103minte ata\u0219ate de haina principal\u0103 acomodat\u0103 \u00een garderob\u0103 (c\u0103ciuli, fulare, etc.).<\/p>\n<p>V\u0103 rug\u0103m s\u0103 nu l\u0103sa\u021bi obiecte de valoare la garderob\u0103. Obiectele de valoare vor fi p\u0103strate de c\u0103tre spectatori. Organizatorul nu \u00ee\u0219i asuma r\u0103spunderea pentru obiectele de valoare uitate, pierdute sau l\u0103sate \u00een grija personalului.<\/p>\n<h3>Spa\u021biile de cafenea<\/h3>\n<p>Un punct de v\u00e2nzare va fi amenajat \u00een foaierul Teatrului doar pe durata de desf\u0103\u0219urare a festivalulului S\u0103pt\u0103m\u00e2na Comediei 2019 de la ora la care \u00eencepe accesul publicului \u0219i p\u00e2n\u0103 dup\u0103 terminarea spectacolului. Consumarea produselor diferitelor gust\u0103ri \u0219i b\u0103uturi se va face \u00eenainte de spectacol sau \u00een pauze doar \u00een locurile special amenajate. Este interzis accesul \u00een sala de spectacol cu b\u0103uturi \u0219i\/sau m\u00e2ncare.<\/p>\n<h3>Folosirea telefoanelor mobile, fotografierea si inregistrarea audio-video<\/h3>\n<p>Pentru a asigura desf\u0103\u0219urarea \u00een condi\u021bii optime a spectacolului, spectatorii sunt ruga\u021bi s\u0103 opreasc\u0103 func\u021bionarea telefoanelor mobile \u00eenainte de \u00eenceperea acestuia. \u00cen cazul \u00een care, din motive obiective, este absolut necesar\u0103 men\u021binerea \u00een stare de func\u021bionare a telefoanelor mobile, v\u0103 rug\u0103m s\u0103 le seta\u021bi pe modul Silen\u021bios.<\/p>\n<p>V\u0103 rug\u0103m s\u0103 lua\u021bi \u00eens\u0103 \u00een considerare c\u0103 lumina r\u0103sp\u00e2ndit\u0103 de telefonul dumneavoastr\u0103 poate distrage aten\u021bia celorlal\u021bi spectatori sau a arti\u0219tilor.<\/p>\n<p>De asemenea, din ra\u021biuni legate de drepturile de autor \u0219i din dorin\u021ba men\u021binerii unor condi\u021bii optime de desf\u0103\u0219urare a reprezenta\u021biei, fotografierea sau \u00eenregistrarea audio-video la spectacol (inclusiv folosind telefoanele mobile) nu este permis\u0103.<\/p>\n<h3>Fumatul<\/h3>\n<p>Spectatorii care doresc s\u0103 fumeze \u00eenainte de reprezenta\u021bie sau \u00een pauze pot face acest lucru \u00een zonele \u00een aer liber. Dac\u0103 ave\u021bi nevoie de clarific\u0103ri suplimentare \u00een acest sens, v\u0103 rug\u0103m s\u0103 v\u0103 adresa\u021bi personalului nostru.<\/p>\n<h3>Obiecte pierdute<\/h3>\n<p>V\u0103 rug\u0103m s\u0103 acorda\u021bi aten\u021bie prevenirii pierderii obiectelor dumneavoastr\u0103 personale \u0219i s\u0103 nu le l\u0103sa\u021bi niciun moment nesupravegheate. Organizatorul nu poate fi considerat r\u0103spunzator pentru dispari\u021bia acestora.<\/p>\n<p>Speram c\u0103 aceste informa\u021bii v-au fost utile \u0219i c\u0103 v\u0103 ve\u021bi bucura pe deplin de experien\u021ba unor spectacole de teatru de excep\u021bie.[\/vc_column_text][\/vc_column][\/vc_row]\n","protected":false},"excerpt":{"rendered":"<p>[vc_row type=&#8221;in_container&#8221; full_screen_row_position=&#8221;middle&#8221; column_margin=&#8221;default&#8221; column_direction=&#8221;default&#8221; column_direction_tablet=&#8221;default&#8221; column_direction_phone=&#8221;default&#8221; scene_position=&#8221;center&#8221; text_color=&#8221;dark&#8221; text_align=&#8221;left&#8221; row_border_radius=&#8221;none&#8221; row_border_radius_applies=&#8221;bg&#8221; overflow=&#8221;visible&#8221; overlay_strength=&#8221;0.3&#8243; gradient_direction=&#8221;left_to_right&#8221; shape_divider_position=&#8221;bottom&#8221; bg_image_animation=&#8221;none&#8221;][vc_column column_padding=&#8221;no-extra-padding&#8221; column_padding_tablet=&#8221;inherit&#8221; column_padding_phone=&#8221;inherit&#8221; column_padding_position=&#8221;all&#8221; column_element_direction_desktop=&#8221;default&#8221; column_element_spacing=&#8221;default&#8221; desktop_text_alignment=&#8221;default&#8221; tablet_text_alignment=&#8221;default&#8221; phone_text_alignment=&#8221;default&#8221; background_color_opacity=&#8221;1&#8243; background_hover_color_opacity=&#8221;1&#8243; column_backdrop_filter=&#8221;none&#8221; column_shadow=&#8221;none&#8221;&#8230;<\/p>\n","protected":false},"author":1,"featured_media":0,"parent":0,"menu_order":0,"comment_status":"closed","ping_status":"closed","template":"page-sidebar.php","meta":{"footnotes":""},"yoast_head":"<!-- This site is optimized with the Yoast SEO plugin v19.1 - https:\/\/yoast.com\/wordpress\/plugins\/seo\/ -->\n<title>Regulament participare eveniment - S\u0103pt\u0103m\u00e2na Comediei - 2024<\/title>\n<meta name=\"robots\" content=\"index, follow, max-snippet:-1, max-image-preview:large, max-video-preview:-1\" \/>\n<link rel=\"canonical\" href=\"https:\/\/saptamanacomediei.ro\/2024\/regulament-participare-eveniment\/\" \/>\n<meta property=\"og:locale\" content=\"ro_RO\" \/>\n<meta property=\"og:type\" content=\"article\" \/>\n<meta property=\"og:title\" content=\"Regulament participare eveniment - S\u0103pt\u0103m\u00e2na Comediei - 2024\" \/>\n<meta property=\"og:description\" content=\"[vc_row type=&#8221;in_container&#8221; full_screen_row_position=&#8221;middle&#8221; column_margin=&#8221;default&#8221; column_direction=&#8221;default&#8221; column_direction_tablet=&#8221;default&#8221; column_direction_phone=&#8221;default&#8221; scene_position=&#8221;center&#8221; text_color=&#8221;dark&#8221; text_align=&#8221;left&#8221; row_border_radius=&#8221;none&#8221; row_border_radius_applies=&#8221;bg&#8221; overflow=&#8221;visible&#8221; overlay_strength=&#8221;0.3&#8243; gradient_direction=&#8221;left_to_right&#8221; shape_divider_position=&#8221;bottom&#8221; bg_image_animation=&#8221;none&#8221;][vc_column column_padding=&#8221;no-extra-padding&#8221; column_padding_tablet=&#8221;inherit&#8221; column_padding_phone=&#8221;inherit&#8221; column_padding_position=&#8221;all&#8221; column_element_direction_desktop=&#8221;default&#8221; column_element_spacing=&#8221;default&#8221; desktop_text_alignment=&#8221;default&#8221; tablet_text_alignment=&#8221;default&#8221; phone_text_alignment=&#8221;default&#8221; background_color_opacity=&#8221;1&#8243; background_hover_color_opacity=&#8221;1&#8243; column_backdrop_filter=&#8221;none&#8221; column_shadow=&#8221;none&#8221;...\" \/>\n<meta property=\"og:url\" content=\"https:\/\/saptamanacomediei.ro\/2024\/regulament-participare-eveniment\/\" \/>\n<meta property=\"og:site_name\" content=\"S\u0103pt\u0103m\u00e2na Comediei - 2024\" \/>\n<meta property=\"article:modified_time\" content=\"2023-05-30T14:29:51+00:00\" \/>\n<meta property=\"og:image\" content=\"https:\/\/saptamanacomediei.ro\/2024\/wp-content\/uploads\/2024\/06\/fb-saptamanacomediei-ro-2024-02.png\" \/>\n\t<meta property=\"og:image:width\" content=\"1200\" \/>\n\t<meta property=\"og:image:height\" content=\"630\" \/>\n\t<meta property=\"og:image:type\" content=\"image\/png\" \/>\n<meta name=\"twitter:card\" content=\"summary_large_image\" \/>\n<meta name=\"twitter:label1\" content=\"Timp estimat pentru citire\" \/>\n\t<meta name=\"twitter:data1\" content=\"4 minute\" \/>\n<script type=\"application\/ld+json\" class=\"yoast-schema-graph\">{\"@context\":\"https:\/\/schema.org\",\"@graph\":[{\"@type\":\"WebSite\",\"@id\":\"https:\/\/saptamanacomediei.ro\/2024\/#website\",\"url\":\"https:\/\/saptamanacomediei.ro\/2024\/\",\"name\":\"S\u0103pt\u0103m\u00e2na Comediei - 2024\",\"description\":\"Festival Na\u021bional de Teatru\",\"potentialAction\":[{\"@type\":\"SearchAction\",\"target\":{\"@type\":\"EntryPoint\",\"urlTemplate\":\"https:\/\/saptamanacomediei.ro\/2024\/?s={search_term_string}\"},\"query-input\":\"required name=search_term_string\"}],\"inLanguage\":\"ro-RO\"},{\"@type\":\"WebPage\",\"@id\":\"https:\/\/saptamanacomediei.ro\/2024\/regulament-participare-eveniment\/#webpage\",\"url\":\"https:\/\/saptamanacomediei.ro\/2024\/regulament-participare-eveniment\/\",\"name\":\"Regulament participare eveniment - S\u0103pt\u0103m\u00e2na Comediei - 2024\",\"isPartOf\":{\"@id\":\"https:\/\/saptamanacomediei.ro\/2024\/#website\"},\"datePublished\":\"2023-05-30T11:11:21+00:00\",\"dateModified\":\"2023-05-30T14:29:51+00:00\",\"breadcrumb\":{\"@id\":\"https:\/\/saptamanacomediei.ro\/2024\/regulament-participare-eveniment\/#breadcrumb\"},\"inLanguage\":\"ro-RO\",\"potentialAction\":[{\"@type\":\"ReadAction\",\"target\":[\"https:\/\/saptamanacomediei.ro\/2024\/regulament-participare-eveniment\/\"]}]},{\"@type\":\"BreadcrumbList\",\"@id\":\"https:\/\/saptamanacomediei.ro\/2024\/regulament-participare-eveniment\/#breadcrumb\",\"itemListElement\":[{\"@type\":\"ListItem\",\"position\":1,\"name\":\"Prima pagin\u0103\",\"item\":\"https:\/\/saptamanacomediei.ro\/2024\/\"},{\"@type\":\"ListItem\",\"position\":2,\"name\":\"Regulament participare eveniment\"}]}]}<\/script>\n<!-- \/ Yoast SEO plugin. -->","yoast_head_json":{"title":"Regulament participare eveniment - S\u0103pt\u0103m\u00e2na Comediei - 2024","robots":{"index":"index","follow":"follow","max-snippet":"max-snippet:-1","max-image-preview":"max-image-preview:large","max-video-preview":"max-video-preview:-1"},"canonical":"https:\/\/saptamanacomediei.ro\/2024\/regulament-participare-eveniment\/","og_locale":"ro_RO","og_type":"article","og_title":"Regulament participare eveniment - S\u0103pt\u0103m\u00e2na Comediei - 2024","og_description":"[vc_row type=&#8221;in_container&#8221; full_screen_row_position=&#8221;middle&#8221; column_margin=&#8221;default&#8221; column_direction=&#8221;default&#8221; column_direction_tablet=&#8221;default&#8221; column_direction_phone=&#8221;default&#8221; scene_position=&#8221;center&#8221; text_color=&#8221;dark&#8221; text_align=&#8221;left&#8221; row_border_radius=&#8221;none&#8221; row_border_radius_applies=&#8221;bg&#8221; overflow=&#8221;visible&#8221; overlay_strength=&#8221;0.3&#8243; gradient_direction=&#8221;left_to_right&#8221; shape_divider_position=&#8221;bottom&#8221; bg_image_animation=&#8221;none&#8221;][vc_column column_padding=&#8221;no-extra-padding&#8221; column_padding_tablet=&#8221;inherit&#8221; column_padding_phone=&#8221;inherit&#8221; column_padding_position=&#8221;all&#8221; column_element_direction_desktop=&#8221;default&#8221; column_element_spacing=&#8221;default&#8221; desktop_text_alignment=&#8221;default&#8221; tablet_text_alignment=&#8221;default&#8221; phone_text_alignment=&#8221;default&#8221; background_color_opacity=&#8221;1&#8243; background_hover_color_opacity=&#8221;1&#8243; column_backdrop_filter=&#8221;none&#8221; column_shadow=&#8221;none&#8221;...","og_url":"https:\/\/saptamanacomediei.ro\/2024\/regulament-participare-eveniment\/","og_site_name":"S\u0103pt\u0103m\u00e2na Comediei - 2024","article_modified_time":"2023-05-30T14:29:51+00:00","og_image":[{"width":1200,"height":630,"url":"https:\/\/saptamanacomediei.ro\/2024\/wp-content\/uploads\/2024\/06\/fb-saptamanacomediei-ro-2024-02.png","type":"image\/png"}],"twitter_card":"summary_large_image","twitter_misc":{"Timp estimat pentru citire":"4 minute"},"schema":{"@context":"https:\/\/schema.org","@graph":[{"@type":"WebSite","@id":"https:\/\/saptamanacomediei.ro\/2024\/#website","url":"https:\/\/saptamanacomediei.ro\/2024\/","name":"S\u0103pt\u0103m\u00e2na Comediei - 2024","description":"Festival Na\u021bional de Teatru","potentialAction":[{"@type":"SearchAction","target":{"@type":"EntryPoint","urlTemplate":"https:\/\/saptamanacomediei.ro\/2024\/?s={search_term_string}"},"query-input":"required name=search_term_string"}],"inLanguage":"ro-RO"},{"@type":"WebPage","@id":"https:\/\/saptamanacomediei.ro\/2024\/regulament-participare-eveniment\/#webpage","url":"https:\/\/saptamanacomediei.ro\/2024\/regulament-participare-eveniment\/","name":"Regulament participare eveniment - S\u0103pt\u0103m\u00e2na Comediei - 2024","isPartOf":{"@id":"https:\/\/saptamanacomediei.ro\/2024\/#website"},"datePublished":"2023-05-30T11:11:21+00:00","dateModified":"2023-05-30T14:29:51+00:00","breadcrumb":{"@id":"https:\/\/saptamanacomediei.ro\/2024\/regulament-participare-eveniment\/#breadcrumb"},"inLanguage":"ro-RO","potentialAction":[{"@type":"ReadAction","target":["https:\/\/saptamanacomediei.ro\/2024\/regulament-participare-eveniment\/"]}]},{"@type":"BreadcrumbList","@id":"https:\/\/saptamanacomediei.ro\/2024\/regulament-participare-eveniment\/#breadcrumb","itemListElement":[{"@type":"ListItem","position":1,"name":"Prima pagin\u0103","item":"https:\/\/saptamanacomediei.ro\/2024\/"},{"@type":"ListItem","position":2,"name":"Regulament participare eveniment"}]}]}},"_links":{"self":[{"href":"https:\/\/saptamanacomediei.ro\/2024\/wp-json\/wp\/v2\/pages\/246"}],"collection":[{"href":"https:\/\/saptamanacomediei.ro\/2024\/wp-json\/wp\/v2\/pages"}],"about":[{"href":"https:\/\/saptamanacomediei.ro\/2024\/wp-json\/wp\/v2\/types\/page"}],"author":[{"embeddable":true,"href":"https:\/\/saptamanacomediei.ro\/2024\/wp-json\/wp\/v2\/users\/1"}],"replies":[{"embeddable":true,"href":"https:\/\/saptamanacomediei.ro\/2024\/wp-json\/wp\/v2\/comments?post=246"}],"version-history":[{"count":3,"href":"https:\/\/saptamanacomediei.ro\/2024\/wp-json\/wp\/v2\/pages\/246\/revisions"}],"predecessor-version":[{"id":401,"href":"https:\/\/saptamanacomediei.ro\/2024\/wp-json\/wp\/v2\/pages\/246\/revisions\/401"}],"wp:attachment":[{"href":"https:\/\/saptamanacomediei.ro\/2024\/wp-json\/wp\/v2\/media?parent=246"}],"curies":[{"name":"wp","href":"https:\/\/api.w.org\/{rel}","templated":true}]}}